{"id":5749,"date":"2018-03-01T13:04:10","date_gmt":"2018-03-01T13:04:10","guid":{"rendered":"https:\/\/hongo.themezaa.com\/?page_id=5749"},"modified":"2023-01-06T11:37:35","modified_gmt":"2023-01-06T14:37:35","slug":"blog","status":"publish","type":"page","link":"http:\/\/raulmonaco.com.ar\/index.php\/blog\/","title":{"rendered":"Blog"},"content":{"rendered":"<section data-vc-full-width=\"true\" data-vc-full-width-init=\"false\" data-vc-stretch-content=\"true\" class=\"vc_row wpb_row vc_row-fluid  vc_custom_1565258765834   hongo-stretch-content hongo-stretch-content-fluid  hongo_responsive_1565258765841\"><div class=\"wpb_column vc_column_container col-xs-mobile-fullwidth vc_col-sm-12\"><div class=\"vc_column-inner\"><div class=\"wpb_wrapper\"><div class=\"hongo-blog-styles hongo-blog-clean\"><div class=\"blog-posts blog-clean\" data-col=\"3\"><ul class=\"post-grid hongo-blog-common blog-style-unique-1 blog-post-gutter gutter-large\" data-uniqueid=\"blog-style-unique-1\"><li class=\"grid-sizer\"><\/li><li class=\"grid-item blog-post blog-post-content pull-left blog-style4-1 col-lg-4 col-md-6 col-sm-6 col-xs-12 hongo-filter-tab-content informacion-empresa\"><div class=\"post-99748 post type-post status-publish format-standard has-post-thumbnail hentry category-informacion-empresa\"><div class=\"blog-image\"><a href=\"http:\/\/raulmonaco.com.ar\/index.php\/2023\/01\/06\/informacion-sobre-productos-de-madera-y-reciclaje\/\"><img loading=\"lazy\" decoding=\"async\" width=\"450\" height=\"600\" src=\"http:\/\/raulmonaco.com.ar\/wp-content\/uploads\/2023\/01\/raulemonaco-reciclar-madera-1-450x600.jpg\" class=\"attachment-hongo-medium-image size-hongo-medium-image wp-post-image\" alt=\"\" title=\"\" srcset=\"http:\/\/raulmonaco.com.ar\/wp-content\/uploads\/2023\/01\/raulemonaco-reciclar-madera-1-450x600.jpg 450w, http:\/\/raulmonaco.com.ar\/wp-content\/uploads\/2023\/01\/raulemonaco-reciclar-madera-1-225x300.jpg 225w, http:\/\/raulmonaco.com.ar\/wp-content\/uploads\/2023\/01\/raulemonaco-reciclar-madera-1-768x1024.jpg 768w, http:\/\/raulmonaco.com.ar\/wp-content\/uploads\/2023\/01\/raulemonaco-reciclar-madera-1-84x112.jpg 84w, http:\/\/raulmonaco.com.ar\/wp-content\/uploads\/2023\/01\/raulemonaco-reciclar-madera-1-200x267.jpg 200w, http:\/\/raulmonaco.com.ar\/wp-content\/uploads\/2023\/01\/raulemonaco-reciclar-madera-1-593x790.jpg 593w, http:\/\/raulmonaco.com.ar\/wp-content\/uploads\/2023\/01\/raulemonaco-reciclar-madera-1-360x480.jpg 360w, http:\/\/raulmonaco.com.ar\/wp-content\/uploads\/2023\/01\/raulemonaco-reciclar-madera-1-800x1067.jpg 800w, http:\/\/raulmonaco.com.ar\/wp-content\/uploads\/2023\/01\/raulemonaco-reciclar-madera-1.jpg 900w\" sizes=\"auto, (max-width: 450px) 100vw, 450px\" \/><div class=\"hongo-blog-side-arrow\"><span class=\"ti-arrow-right\"><\/span><\/div><\/a><\/div><div class=\"blog-text col-md-12\"><div class=\"content\"><div class=\"hongo-blog-post-category alt-font\"><a href=\"http:\/\/raulmonaco.com.ar\/index.php\/category\/informacion-empresa\/\" class=\"hongo-blog-post-meta\" rel=\"category tag\">Informaci\u00f3n Empresa<\/a><\/div><a class=\"entry-title alt-font\" href=\"http:\/\/raulmonaco.com.ar\/index.php\/2023\/01\/06\/informacion-sobre-productos-de-madera-y-reciclaje\/\">Informaci\u00f3n sobre productos de madera y reciclaje<\/a><div class=\"hongo-blog-post-meta blog-date-author alt-font\"><span class=\"hongo-blog-post-meta blog-author display-inline-block\">By <span class=\"author vcard\"><a href=\"http:\/\/raulmonaco.com.ar\/index.php\/author\/rominamejordigital-com-ar\/\" class=\"url fn n\">RA\u00daL E. M\u00d3NACO<\/a><\/span><\/span><\/div><\/div><\/div><\/div><\/li><li class=\"grid-item blog-post blog-post-content pull-left blog-style4-2 col-lg-4 col-md-6 col-sm-6 col-xs-12 hongo-filter-tab-content informacion-empresa\"><div class=\"post-99738 post type-post status-publish format-standard has-post-thumbnail hentry category-informacion-empresa\"><div class=\"blog-image\"><a href=\"http:\/\/raulmonaco.com.ar\/index.php\/2023\/01\/04\/politica-de-gestion-de-la-empresa-raul-e-monaco\/\"><img loading=\"lazy\" decoding=\"async\" width=\"450\" height=\"600\" src=\"http:\/\/raulmonaco.com.ar\/wp-content\/uploads\/2023\/01\/raulemonaco-politicas-1-450x600.jpg\" class=\"attachment-hongo-medium-image size-hongo-medium-image wp-post-image\" alt=\"\" title=\"\" srcset=\"http:\/\/raulmonaco.com.ar\/wp-content\/uploads\/2023\/01\/raulemonaco-politicas-1-450x600.jpg 450w, http:\/\/raulmonaco.com.ar\/wp-content\/uploads\/2023\/01\/raulemonaco-politicas-1-225x300.jpg 225w, http:\/\/raulmonaco.com.ar\/wp-content\/uploads\/2023\/01\/raulemonaco-politicas-1-768x1024.jpg 768w, http:\/\/raulmonaco.com.ar\/wp-content\/uploads\/2023\/01\/raulemonaco-politicas-1-84x112.jpg 84w, http:\/\/raulmonaco.com.ar\/wp-content\/uploads\/2023\/01\/raulemonaco-politicas-1-200x267.jpg 200w, http:\/\/raulmonaco.com.ar\/wp-content\/uploads\/2023\/01\/raulemonaco-politicas-1-593x790.jpg 593w, http:\/\/raulmonaco.com.ar\/wp-content\/uploads\/2023\/01\/raulemonaco-politicas-1-360x480.jpg 360w, http:\/\/raulmonaco.com.ar\/wp-content\/uploads\/2023\/01\/raulemonaco-politicas-1-800x1067.jpg 800w, http:\/\/raulmonaco.com.ar\/wp-content\/uploads\/2023\/01\/raulemonaco-politicas-1.jpg 900w\" sizes=\"auto, (max-width: 450px) 100vw, 450px\" \/><div class=\"hongo-blog-side-arrow\"><span class=\"ti-arrow-right\"><\/span><\/div><\/a><\/div><div class=\"blog-text col-md-12\"><div class=\"content\"><div class=\"hongo-blog-post-category alt-font\"><a href=\"http:\/\/raulmonaco.com.ar\/index.php\/category\/informacion-empresa\/\" class=\"hongo-blog-post-meta\" rel=\"category tag\">Informaci\u00f3n Empresa<\/a><\/div><a class=\"entry-title alt-font\" href=\"http:\/\/raulmonaco.com.ar\/index.php\/2023\/01\/04\/politica-de-gestion-de-la-empresa-raul-e-monaco\/\">Pol\u00edtica de Gesti\u00f3n de la Empresa :: Ra\u00fal E. M\u00f3naco<\/a><div class=\"hongo-blog-post-meta blog-date-author alt-font\"><span class=\"hongo-blog-post-meta blog-author display-inline-block\">By <span class=\"author vcard\"><a href=\"http:\/\/raulmonaco.com.ar\/index.php\/author\/rominamejordigital-com-ar\/\" class=\"url fn n\">RA\u00daL E. M\u00d3NACO<\/a><\/span><\/span><\/div><\/div><\/div><\/div><\/li><li class=\"grid-item blog-post blog-post-content pull-left blog-style4-3 col-lg-4 col-md-6 col-sm-6 col-xs-12 hongo-filter-tab-content consejos\"><div class=\"post-99503 post type-post status-publish format-standard has-post-thumbnail hentry category-consejos\"><div class=\"blog-image\"><a href=\"http:\/\/raulmonaco.com.ar\/index.php\/2022\/08\/25\/3-claves-para-elegir-los-muebles-de-la-oficina\/\"><img loading=\"lazy\" decoding=\"async\" width=\"450\" height=\"600\" src=\"http:\/\/raulmonaco.com.ar\/wp-content\/uploads\/2022\/09\/raulemonaco-3-claves-para-elegir-los-muebles-de-la-oficina-450x600.jpg\" class=\"attachment-hongo-medium-image size-hongo-medium-image wp-post-image\" alt=\"\" title=\"\" srcset=\"http:\/\/raulmonaco.com.ar\/wp-content\/uploads\/2022\/09\/raulemonaco-3-claves-para-elegir-los-muebles-de-la-oficina-450x600.jpg 450w, http:\/\/raulmonaco.com.ar\/wp-content\/uploads\/2022\/09\/raulemonaco-3-claves-para-elegir-los-muebles-de-la-oficina-225x300.jpg 225w, http:\/\/raulmonaco.com.ar\/wp-content\/uploads\/2022\/09\/raulemonaco-3-claves-para-elegir-los-muebles-de-la-oficina-768x1024.jpg 768w, http:\/\/raulmonaco.com.ar\/wp-content\/uploads\/2022\/09\/raulemonaco-3-claves-para-elegir-los-muebles-de-la-oficina-84x112.jpg 84w, http:\/\/raulmonaco.com.ar\/wp-content\/uploads\/2022\/09\/raulemonaco-3-claves-para-elegir-los-muebles-de-la-oficina-200x267.jpg 200w, http:\/\/raulmonaco.com.ar\/wp-content\/uploads\/2022\/09\/raulemonaco-3-claves-para-elegir-los-muebles-de-la-oficina-593x790.jpg 593w, http:\/\/raulmonaco.com.ar\/wp-content\/uploads\/2022\/09\/raulemonaco-3-claves-para-elegir-los-muebles-de-la-oficina-360x480.jpg 360w, http:\/\/raulmonaco.com.ar\/wp-content\/uploads\/2022\/09\/raulemonaco-3-claves-para-elegir-los-muebles-de-la-oficina-800x1067.jpg 800w, http:\/\/raulmonaco.com.ar\/wp-content\/uploads\/2022\/09\/raulemonaco-3-claves-para-elegir-los-muebles-de-la-oficina.jpg 900w\" sizes=\"auto, (max-width: 450px) 100vw, 450px\" \/><div class=\"hongo-blog-side-arrow\"><span class=\"ti-arrow-right\"><\/span><\/div><\/a><\/div><div class=\"blog-text col-md-12\"><div class=\"content\"><div class=\"hongo-blog-post-category alt-font\"><a href=\"http:\/\/raulmonaco.com.ar\/index.php\/category\/consejos\/\" class=\"hongo-blog-post-meta\" rel=\"category tag\">Consejos<\/a><\/div><a class=\"entry-title alt-font\" href=\"http:\/\/raulmonaco.com.ar\/index.php\/2022\/08\/25\/3-claves-para-elegir-los-muebles-de-la-oficina\/\">3 claves para elegir los muebles de la oficina<\/a><div class=\"hongo-blog-post-meta blog-date-author alt-font\"><span class=\"hongo-blog-post-meta blog-author display-inline-block\">By <span class=\"author vcard\"><a href=\"http:\/\/raulmonaco.com.ar\/index.php\/author\/rominamejordigital-com-ar\/\" class=\"url fn n\">RA\u00daL E. M\u00d3NACO<\/a><\/span><\/span><\/div><\/div><\/div><\/div><\/li><\/ul><\/div><\/div><\/div><\/div><\/div><\/section><div class=\"vc_row-full-width vc_clearfix\"><\/div>\n","protected":false},"excerpt":{"rendered":"La correcta elecci\u00f3n de los muebles de oficina es un factor clave en el rendimiento laboral. Teniendo un espacio de trabajo personalizado de acuerdo a tus necesidades, es decir, hecho y pensado a medida, siempre har\u00e1 una diferencia en la productividad y eficiencia de las personas que all\u00ed trabajar\u00e1n. Por eso, desde RA\u00daL E. M\u00d3NACO les sugerimos que para comenzar a elegir los muebles de una oficina, es importante responder\u00a0las siguientes preguntas: \u00bfCu\u00e1ntas horas van a pasar las personas en la oficina? \u00bfCu\u00e1nto tiempo permanecen sentadas? \u00bfQu\u00e9 tareas y funciones desarrollan? \u00bfC\u00f3mo son la distribuci\u00f3n y medidas de cada espacio? \u00bfCu\u00e1l es el estilo y est\u00e9tica de la empresa? A continuaci\u00f3n les dejamos 3 consejos para elegir los muebles de la oficina y que sean adecuados seg\u00fan las necesidades de tu empresa y de tus empleados: 1. Tama\u00f1o de los muebles Prest\u00e1 atenci\u00f3n a las medidas de cada ambiente de tu oficina y ten\u00e9 en cuenta que los muebles que tengan puertas o cajones puedan abrirse c\u00f3modamente y de forma completa. Que se pueda circular f\u00e1cilmente entre los distintos espacios y entre mobiliario y que tengan el tama\u00f1o que necesit\u00e1s para desarrollar tu actividad. 2. Ergonom\u00eda y practicidad Ten\u00e9 siempre...","protected":false},"author":1,"featured_media":0,"parent":0,"menu_order":0,"comment_status":"closed","ping_status":"closed","template":"","meta":{"footnotes":""},"class_list":["post-5749","page","type-page","status-publish","hentry"],"_links":{"self":[{"href":"http:\/\/raulmonaco.com.ar\/index.php\/wp-json\/wp\/v2\/pages\/5749","targetHints":{"allow":["GET"]}}],"collection":[{"href":"http:\/\/raulmonaco.com.ar\/index.php\/wp-json\/wp\/v2\/pages"}],"about":[{"href":"http:\/\/raulmonaco.com.ar\/index.php\/wp-json\/wp\/v2\/types\/page"}],"author":[{"embeddable":true,"href":"http:\/\/raulmonaco.com.ar\/index.php\/wp-json\/wp\/v2\/users\/1"}],"replies":[{"embeddable":true,"href":"http:\/\/raulmonaco.com.ar\/index.php\/wp-json\/wp\/v2\/comments?post=5749"}],"version-history":[{"count":6,"href":"http:\/\/raulmonaco.com.ar\/index.php\/wp-json\/wp\/v2\/pages\/5749\/revisions"}],"predecessor-version":[{"id":99699,"href":"http:\/\/raulmonaco.com.ar\/index.php\/wp-json\/wp\/v2\/pages\/5749\/revisions\/99699"}],"wp:attachment":[{"href":"http:\/\/raulmonaco.com.ar\/index.php\/wp-json\/wp\/v2\/media?parent=5749"}],"curies":[{"name":"wp","href":"https:\/\/api.w.org\/{rel}","templated":true}]}}