{"id":9307,"date":"2018-06-01T06:52:28","date_gmt":"2018-06-01T06:52:28","guid":{"rendered":"https:\/\/hongo.themezaa.com\/?page_id=9307"},"modified":"2025-10-22T12:07:23","modified_gmt":"2025-10-22T15:07:23","slug":"empresa","status":"publish","type":"page","link":"http:\/\/raulmonaco.com.ar\/index.php\/empresa\/","title":{"rendered":"Empresa"},"content":{"rendered":"<section class=\"vc_row wpb_row vc_row-fluid  vc_custom_1567398657365\"><div class=\"wpb_column vc_column_container vc_col-sm-4 vc_col-xs-12 text-center\"><div class=\"vc_column-inner  hongo_responsive_1567399008516\"><div class=\"wpb_wrapper\"><div class=\"hongo-featurebox-wrap hongo-product-featurebox rotate-box-style-1 hongo-rotatebox-1-1\"><div class=\"hongo-rotatebox-wrapper\"><div class=\"hongo-rotatebox-wrap\"><img loading=\"lazy\" decoding=\"async\" width=\"900\" height=\"900\" src=\"http:\/\/raulmonaco.com.ar\/wp-content\/uploads\/2022\/09\/raulemonaco_empresa_banner_1.png\" class=\"attachment-full size-full\" alt=\"\" srcset=\"http:\/\/raulmonaco.com.ar\/wp-content\/uploads\/2022\/09\/raulemonaco_empresa_banner_1.png 900w, http:\/\/raulmonaco.com.ar\/wp-content\/uploads\/2022\/09\/raulemonaco_empresa_banner_1-300x300.png 300w, http:\/\/raulmonaco.com.ar\/wp-content\/uploads\/2022\/09\/raulemonaco_empresa_banner_1-150x150.png 150w, http:\/\/raulmonaco.com.ar\/wp-content\/uploads\/2022\/09\/raulemonaco_empresa_banner_1-768x768.png 768w, http:\/\/raulmonaco.com.ar\/wp-content\/uploads\/2022\/09\/raulemonaco_empresa_banner_1-64x64.png 64w, http:\/\/raulmonaco.com.ar\/wp-content\/uploads\/2022\/09\/raulemonaco_empresa_banner_1-84x84.png 84w, http:\/\/raulmonaco.com.ar\/wp-content\/uploads\/2022\/09\/raulemonaco_empresa_banner_1-200x200.png 200w, http:\/\/raulmonaco.com.ar\/wp-content\/uploads\/2022\/09\/raulemonaco_empresa_banner_1-450x450.png 450w, http:\/\/raulmonaco.com.ar\/wp-content\/uploads\/2022\/09\/raulemonaco_empresa_banner_1-790x790.png 790w, http:\/\/raulmonaco.com.ar\/wp-content\/uploads\/2022\/09\/raulemonaco_empresa_banner_1-360x360.png 360w, http:\/\/raulmonaco.com.ar\/wp-content\/uploads\/2022\/09\/raulemonaco_empresa_banner_1-800x800.png 800w, http:\/\/raulmonaco.com.ar\/wp-content\/uploads\/2022\/09\/raulemonaco_empresa_banner_1-100x100.png 100w\" sizes=\"auto, (max-width: 900px) 100vw, 900px\" \/><div class=\"hongo-rotatebox-title alt-font\">POR QU\u00c9 ELEGIRNOS<\/div><\/div><div class=\"hongo-rotatebox-content-hover\"><div class=\"hongo-rotatebox-content-middle\"><div class=\"hongo-rotatebox-title alt-font\">POR QU\u00c9 ELEGIRNOS<\/div><div class=\"hongo-rotatebox-content\">Estamos en constante innovaci\u00f3n, considerando las necesidades del mercado y preparados a nivel tecnol\u00f3gico para proveer las soluciones m\u00e1s adecuadas en nuestra actividad.<\/div><\/div><\/div><\/div><\/div><\/div><\/div><\/div><div class=\"wpb_column vc_column_container vc_col-sm-4 vc_col-xs-12 text-center\"><div class=\"vc_column-inner  hongo_responsive_1567399020025\"><div class=\"wpb_wrapper\"><div class=\"hongo-featurebox-wrap hongo-product-featurebox rotate-box-style-1 hongo-rotatebox-1-2\"><div class=\"hongo-rotatebox-wrapper\"><div class=\"hongo-rotatebox-wrap\"><img loading=\"lazy\" decoding=\"async\" width=\"900\" height=\"900\" src=\"http:\/\/raulmonaco.com.ar\/wp-content\/uploads\/2022\/09\/raulemonaco_empresa_banner_2.png\" class=\"attachment-full size-full\" alt=\"\" srcset=\"http:\/\/raulmonaco.com.ar\/wp-content\/uploads\/2022\/09\/raulemonaco_empresa_banner_2.png 900w, http:\/\/raulmonaco.com.ar\/wp-content\/uploads\/2022\/09\/raulemonaco_empresa_banner_2-300x300.png 300w, http:\/\/raulmonaco.com.ar\/wp-content\/uploads\/2022\/09\/raulemonaco_empresa_banner_2-150x150.png 150w, http:\/\/raulmonaco.com.ar\/wp-content\/uploads\/2022\/09\/raulemonaco_empresa_banner_2-768x768.png 768w, http:\/\/raulmonaco.com.ar\/wp-content\/uploads\/2022\/09\/raulemonaco_empresa_banner_2-64x64.png 64w, http:\/\/raulmonaco.com.ar\/wp-content\/uploads\/2022\/09\/raulemonaco_empresa_banner_2-84x84.png 84w, http:\/\/raulmonaco.com.ar\/wp-content\/uploads\/2022\/09\/raulemonaco_empresa_banner_2-200x200.png 200w, http:\/\/raulmonaco.com.ar\/wp-content\/uploads\/2022\/09\/raulemonaco_empresa_banner_2-450x450.png 450w, http:\/\/raulmonaco.com.ar\/wp-content\/uploads\/2022\/09\/raulemonaco_empresa_banner_2-790x790.png 790w, http:\/\/raulmonaco.com.ar\/wp-content\/uploads\/2022\/09\/raulemonaco_empresa_banner_2-360x360.png 360w, http:\/\/raulmonaco.com.ar\/wp-content\/uploads\/2022\/09\/raulemonaco_empresa_banner_2-800x800.png 800w, http:\/\/raulmonaco.com.ar\/wp-content\/uploads\/2022\/09\/raulemonaco_empresa_banner_2-100x100.png 100w\" sizes=\"auto, (max-width: 900px) 100vw, 900px\" \/><div class=\"hongo-rotatebox-title alt-font\">L\u00cdNEAS DE PRODUCTOS<\/div><\/div><div class=\"hongo-rotatebox-content-hover\"><div class=\"hongo-rotatebox-content-middle\"><div class=\"hongo-rotatebox-title alt-font\">L\u00cdNEAS DE PRODUCTOS<\/div><div class=\"hongo-rotatebox-content\">En RA\u00daL E. M\u00d3NACO contamos con la capacidad para dise\u00f1ar y fabricar a medida el Equipamiento, Mobiliario escolar y de oficina, Muebles de guardado y Sillas que nuestros clientes necesitan.<\/div><\/div><\/div><\/div><\/div><\/div><\/div><\/div><div class=\"wpb_column vc_column_container vc_col-sm-4 vc_col-xs-12 text-center\"><div class=\"vc_column-inner\"><div class=\"wpb_wrapper\"><div class=\"hongo-featurebox-wrap hongo-product-featurebox rotate-box-style-1 hongo-rotatebox-1-3\"><div class=\"hongo-rotatebox-wrapper\"><div class=\"hongo-rotatebox-wrap\"><img loading=\"lazy\" decoding=\"async\" width=\"900\" height=\"900\" src=\"http:\/\/raulmonaco.com.ar\/wp-content\/uploads\/2022\/09\/raulemonaco_empresa_banner_3.png\" class=\"attachment-full size-full\" alt=\"\" srcset=\"http:\/\/raulmonaco.com.ar\/wp-content\/uploads\/2022\/09\/raulemonaco_empresa_banner_3.png 900w, http:\/\/raulmonaco.com.ar\/wp-content\/uploads\/2022\/09\/raulemonaco_empresa_banner_3-300x300.png 300w, http:\/\/raulmonaco.com.ar\/wp-content\/uploads\/2022\/09\/raulemonaco_empresa_banner_3-150x150.png 150w, http:\/\/raulmonaco.com.ar\/wp-content\/uploads\/2022\/09\/raulemonaco_empresa_banner_3-768x768.png 768w, http:\/\/raulmonaco.com.ar\/wp-content\/uploads\/2022\/09\/raulemonaco_empresa_banner_3-64x64.png 64w, http:\/\/raulmonaco.com.ar\/wp-content\/uploads\/2022\/09\/raulemonaco_empresa_banner_3-84x84.png 84w, http:\/\/raulmonaco.com.ar\/wp-content\/uploads\/2022\/09\/raulemonaco_empresa_banner_3-200x200.png 200w, http:\/\/raulmonaco.com.ar\/wp-content\/uploads\/2022\/09\/raulemonaco_empresa_banner_3-450x450.png 450w, http:\/\/raulmonaco.com.ar\/wp-content\/uploads\/2022\/09\/raulemonaco_empresa_banner_3-790x790.png 790w, http:\/\/raulmonaco.com.ar\/wp-content\/uploads\/2022\/09\/raulemonaco_empresa_banner_3-360x360.png 360w, http:\/\/raulmonaco.com.ar\/wp-content\/uploads\/2022\/09\/raulemonaco_empresa_banner_3-800x800.png 800w, http:\/\/raulmonaco.com.ar\/wp-content\/uploads\/2022\/09\/raulemonaco_empresa_banner_3-100x100.png 100w\" sizes=\"auto, (max-width: 900px) 100vw, 900px\" \/><div class=\"hongo-rotatebox-title alt-font\">EXPERIENCIA Y CONFIANZA<\/div><\/div><div class=\"hongo-rotatebox-content-hover\"><div class=\"hongo-rotatebox-content-middle\"><div class=\"hongo-rotatebox-title alt-font\">EXPERIENCIA Y CONFIANZA<\/div><div class=\"hongo-rotatebox-content\">Las m\u00e1s reconocidas empresas e instituciones del pa\u00eds confiaron en RA\u00daL E. M\u00d3NACO a lo largo de nuestros m\u00e1s de 30 a\u00f1os de experiencia, trabajando siempre para seguir creciendo y optimizando procesos de producci\u00f3n para mejorar los tiempos de entrega.<\/div><\/div><\/div><\/div><\/div><\/div><\/div><\/div><\/section><section data-vc-full-width=\"true\" data-vc-full-width-init=\"false\" class=\"vc_row wpb_row vc_row-fluid  vc_custom_1572511308105   wow fadeIn hongo-stretch-content hongo-stretch-row-container vc_row-o-equal-height vc_row-flex\"><div class=\"wpb_column vc_column_container col-xs-mobile-fullwidth vc_col-sm-6 vc_col-md-6\"><div class=\"vc_column-inner  hongo_responsive_1572511291662\"><div class=\"wpb_wrapper\"><div class=\"alt-font heading-style-3 vc_custom_1664249342322  hongo_responsive_1664249342323 heading-1 hongo-section-heading hongo_font_1664249342321\">``Somos expertos en brindar soluciones en fabricaci\u00f3n y equipamiento mobiliario. Quedamos a su disposici\u00f3n para cotizar su proyecto. \u00a1Lo invitamos a contactarnos!``<\/div><\/div><\/div><\/div><div class=\"wpb_column vc_column_container vc_col-has-fill col-xs-mobile-fullwidth vc_col-sm-6\"><div class=\"vc_column-inner vc_custom_1572511299501\"><div class=\"wpb_wrapper\"><div class=\"text-block-content hongo-text-block-1 last-paragraph-no-margin\"><div><strong>QUI\u00c9NES SOMOS<\/strong><\/div>\n<div>Somos una empresa con m\u00e1s de 30 a\u00f1os de experiencia. En RA\u00daL E. M\u00d3NACO buscamos siempre innovar, y considerando las necesidades del mercado, nos dedicamos a la fabricaci\u00f3n, distribuci\u00f3n y comercializaci\u00f3n de equipamientos escolares y mobiliario de oficina en proyectos de gran escala para empresas y organismos.<\/div>\n<\/div><\/div><\/div><\/div><\/section><div class=\"vc_row-full-width vc_clearfix\"><\/div><section data-vc-full-width=\"true\" data-vc-full-width-init=\"false\" data-vc-stretch-content=\"true\" class=\"vc_row wpb_row vc_row-fluid  vc_custom_1564647274438   vc_column-gap-15 hongo-stretch-content vc_row-no-padding hongo-stretch-content-fluid  hongo_responsive_1564647274443\"><div class=\"wpb_column vc_column_container vc_col-has-fill vc_col-sm-6 vc_col-md-3 vc_col-xs-12 wow fadeIn\" data-wow-delay= 300ms><div class=\"vc_column-inner cover-background vc_custom_1664249970638\" style=\"min-height: 600px;\"><div class=\"wpb_wrapper\"><\/div><\/div><\/div><div class=\"wpb_column vc_column_container vc_col-has-fill vc_col-sm-6 vc_col-md-3 vc_col-xs-12 wow fadeIn\" data-wow-delay= 500ms><div class=\"vc_column-inner cover-background vc_custom_1664249980640\" style=\"min-height: 600px;\"><div class=\"wpb_wrapper\"><\/div><\/div><\/div><div class=\"wpb_column vc_column_container vc_col-has-fill vc_col-sm-12 vc_col-md-6 vc_col-xs-12 wow fadeIn\" data-wow-delay= 700ms><div class=\"vc_column-inner cover-background vc_custom_1664249989937\" style=\"min-height: 600px;\"><div class=\"wpb_wrapper\"><\/div><\/div><\/div><\/section><div class=\"vc_row-full-width vc_clearfix\"><\/div><section class=\"vc_row wpb_row vc_row-fluid  vc_custom_1572511791362   overflow-visible wow fadeIn  hongo_responsive_1572511791369\"><div class=\"wpb_column vc_column_container col-xs-mobile-fullwidth vc_col-sm-12 vc_col-md-4 wow fadeIn sm-text-center\" data-wow-duration= 1200ms><div class=\"vc_column-inner vc_custom_1572511664683  hongo_responsive_1572511664689\"><div class=\"wpb_wrapper\"><div class=\"alt-font heading-style-5 vc_custom_1664251415210 heading-2 hongo-section-heading hongo_font_1664251415210\"><span>CALIDAD + ERGONOM\u00cdA + FUNCIONALIDAD<\/span><\/div><div class=\"alt-font heading-style-3 vc_custom_1673014409932  hongo_responsive_1673014409934 heading-3 hongo-section-heading\">M\u00e1s de 30 a\u00f1os de experiencia<\/div><div class=\"text-block-content hongo-text-block-2 last-paragraph-no-margin  hongo_responsive_1664250743838\"><p>Nuestro objetivo es ofrecer una amplia gama de mobiliario y equipamiento para espacios de trabajo y establecimientos escolares para que puedas mejorar no solo la est\u00e9tica, si no tambi\u00e9n la eficiencia y la comodidad de tus espacios.<\/p>\n<\/div><\/div><\/div><\/div><div class=\"wpb_column vc_column_container col-xs-mobile-fullwidth vc_col-sm-12 vc_col-md-8\"><div class=\"vc_column-inner vc_custom_1572511765899\"><div class=\"wpb_wrapper\"><div class=\"wpb_single_image vc_align_center   hongo-full-width-single-image\">\n\t\t\t<figure class=\"wpb_wrapper vc_figure\">\n\t\t\t\t<div class=\"vc_single_image-wrapper  \"><img loading=\"lazy\" decoding=\"async\" width=\"1920\" height=\"800\" src=\"http:\/\/raulmonaco.com.ar\/wp-content\/uploads\/2023\/01\/raulemonaco_empresa_img11.jpg\" class=\"vc_single_image-img attachment-full\" alt=\"\" title=\"raulemonaco_empresa_img11\" srcset=\"http:\/\/raulmonaco.com.ar\/wp-content\/uploads\/2023\/01\/raulemonaco_empresa_img11.jpg 1920w, http:\/\/raulmonaco.com.ar\/wp-content\/uploads\/2023\/01\/raulemonaco_empresa_img11-300x125.jpg 300w, http:\/\/raulmonaco.com.ar\/wp-content\/uploads\/2023\/01\/raulemonaco_empresa_img11-1024x427.jpg 1024w, http:\/\/raulmonaco.com.ar\/wp-content\/uploads\/2023\/01\/raulemonaco_empresa_img11-768x320.jpg 768w, http:\/\/raulmonaco.com.ar\/wp-content\/uploads\/2023\/01\/raulemonaco_empresa_img11-1536x640.jpg 1536w, http:\/\/raulmonaco.com.ar\/wp-content\/uploads\/2023\/01\/raulemonaco_empresa_img11-84x35.jpg 84w, http:\/\/raulmonaco.com.ar\/wp-content\/uploads\/2023\/01\/raulemonaco_empresa_img11-200x83.jpg 200w, http:\/\/raulmonaco.com.ar\/wp-content\/uploads\/2023\/01\/raulemonaco_empresa_img11-450x188.jpg 450w, http:\/\/raulmonaco.com.ar\/wp-content\/uploads\/2023\/01\/raulemonaco_empresa_img11-1200x500.jpg 1200w, http:\/\/raulmonaco.com.ar\/wp-content\/uploads\/2023\/01\/raulemonaco_empresa_img11-360x150.jpg 360w, http:\/\/raulmonaco.com.ar\/wp-content\/uploads\/2023\/01\/raulemonaco_empresa_img11-800x333.jpg 800w\" sizes=\"auto, (max-width: 1920px) 100vw, 1920px\" \/><\/div>\n\t\t\t<\/figure>\n\t\t\t\n\t\t<\/div><\/div><\/div><\/div><div class=\"wpb_column vc_column_container col-xs-mobile-fullwidth vc_col-sm-12\"><div class=\"vc_column-inner\"><div class=\"wpb_wrapper\"><\/div><\/div><\/div><\/section><section data-vc-full-width=\"true\" data-vc-full-width-init=\"false\" data-vc-parallax-image=\"0.1\" class=\"vc_row wpb_row vc_row-fluid  vc_custom_1664281989601   wow fadeIn vc_row-has-fill hongo-stretch-content hongo-stretch-row-container parallax  hongo_responsive_1664281989603\"><div class=\"hongo-overlay\" style=\"opacity:0.5; z-index:0; \"><\/div><div class=\"wpb_column vc_column_container vc_col-has-fill col-xs-mobile-fullwidth vc_col-sm-10 vc_col-md-offset-2 vc_col-md-8 vc_col-sm-offset-1 wow fadeInUp text-center\"><div class=\"vc_column-inner vc_custom_1572583916236  hongo_responsive_1572583916242\"><div class=\"wpb_wrapper\"><div class=\"alt-font heading-style-6 vc_custom_1673014661416  hongo_responsive_1673014661417 heading-4 hongo-section-heading hongo_font_1673014661415\"><span>\u00bfTen\u00e9s un proyecto de gran escala en mente?<\/span><\/div><div class=\"alt-font heading-style-3 vc_custom_1673014726869 heading-5 hongo-section-heading\">FABRICACI\u00d3N Y EQUIPAMIENTO MOBILIARIO EXCLUSIVAMENTE POR MAYOR<\/div><div class=\"text-block-content hongo-text-block-3 vc_custom_1673014751840 last-paragraph-no-margin\"><p>Si busc\u00e1s una soluci\u00f3n integral para tus espacios de trabajo, escolares y de guardado, en RA\u00daL E. M\u00d3NACO encontr\u00e1s desde escritorios y puestos de trabajo hasta armarios, bibliotecas, sillas, pizarrones, muebles para juegos did\u00e1cticos, lockers y tandem de recepci\u00f3n, entre otros. Siempre para proyectos exclusivamente de gran escala, es decir por mayor.<\/p>\n<\/div><a href=\"\/index.php\/contacto\" target= \"_blank\" class=\"hongo-button-1 btn btn-dark-gray alt-font btn-small  hongo_button_1664840061573\">CONTACTANOS AHORA<\/a><\/div><\/div><\/div><\/section><div class=\"vc_row-full-width vc_clearfix\"><\/div><section data-vc-full-width=\"true\" data-vc-full-width-init=\"false\" data-vc-stretch-content=\"true\" data-vc-parallax-image=\"0.5\" class=\"vc_row wpb_row vc_row-fluid  vc_custom_1572583954645   vc_row-has-fill vc_column-gap-15 hongo-stretch-content vc_row-no-padding hongo-stretch-content-fluid vc_row-o-content-top vc_row-flex parallax\"><div class=\"wpb_column vc_column_container col-xs-mobile-fullwidth vc_col-sm-4 wow fadeIn\" data-wow-delay= 100ms><div class=\"vc_column-inner\"><div class=\"wpb_wrapper\"><div class=\"wpb_single_image    hongo-full-width-single-image\">\n\t\t\t<figure class=\"wpb_wrapper vc_figure\">\n\t\t\t\t<div class=\"vc_single_image-wrapper  \"><img loading=\"lazy\" decoding=\"async\" width=\"600\" height=\"800\" src=\"http:\/\/raulmonaco.com.ar\/wp-content\/uploads\/2022\/09\/raulemonaco_empresa_img6.png\" class=\"vc_single_image-img attachment-full\" alt=\"\" title=\"raulemonaco_empresa_img6\" srcset=\"http:\/\/raulmonaco.com.ar\/wp-content\/uploads\/2022\/09\/raulemonaco_empresa_img6.png 600w, http:\/\/raulmonaco.com.ar\/wp-content\/uploads\/2022\/09\/raulemonaco_empresa_img6-225x300.png 225w, http:\/\/raulmonaco.com.ar\/wp-content\/uploads\/2022\/09\/raulemonaco_empresa_img6-84x112.png 84w, http:\/\/raulmonaco.com.ar\/wp-content\/uploads\/2022\/09\/raulemonaco_empresa_img6-200x267.png 200w, http:\/\/raulmonaco.com.ar\/wp-content\/uploads\/2022\/09\/raulemonaco_empresa_img6-450x600.png 450w, http:\/\/raulmonaco.com.ar\/wp-content\/uploads\/2022\/09\/raulemonaco_empresa_img6-593x790.png 593w, http:\/\/raulmonaco.com.ar\/wp-content\/uploads\/2022\/09\/raulemonaco_empresa_img6-360x480.png 360w\" sizes=\"auto, (max-width: 600px) 100vw, 600px\" \/><\/div>\n\t\t\t<\/figure>\n\t\t\t\n\t\t<\/div><\/div><\/div><\/div><div class=\"wpb_column vc_column_container col-xs-mobile-fullwidth vc_col-sm-4 wow fadeIn\" data-wow-delay= 200ms><div class=\"vc_column-inner\"><div class=\"wpb_wrapper\"><div class=\"wpb_single_image    hongo-full-width-single-image wow none\">\n\t\t\t<figure class=\"wpb_wrapper vc_figure\">\n\t\t\t\t<div class=\"vc_single_image-wrapper  \"><img loading=\"lazy\" decoding=\"async\" width=\"600\" height=\"800\" src=\"http:\/\/raulmonaco.com.ar\/wp-content\/uploads\/2022\/09\/raulemonaco_empresa_img7.png\" class=\"vc_single_image-img attachment-full\" alt=\"\" title=\"raulemonaco_empresa_img7\" srcset=\"http:\/\/raulmonaco.com.ar\/wp-content\/uploads\/2022\/09\/raulemonaco_empresa_img7.png 600w, http:\/\/raulmonaco.com.ar\/wp-content\/uploads\/2022\/09\/raulemonaco_empresa_img7-225x300.png 225w, http:\/\/raulmonaco.com.ar\/wp-content\/uploads\/2022\/09\/raulemonaco_empresa_img7-84x112.png 84w, http:\/\/raulmonaco.com.ar\/wp-content\/uploads\/2022\/09\/raulemonaco_empresa_img7-200x267.png 200w, http:\/\/raulmonaco.com.ar\/wp-content\/uploads\/2022\/09\/raulemonaco_empresa_img7-450x600.png 450w, http:\/\/raulmonaco.com.ar\/wp-content\/uploads\/2022\/09\/raulemonaco_empresa_img7-593x790.png 593w, http:\/\/raulmonaco.com.ar\/wp-content\/uploads\/2022\/09\/raulemonaco_empresa_img7-360x480.png 360w\" sizes=\"auto, (max-width: 600px) 100vw, 600px\" \/><\/div>\n\t\t\t<\/figure>\n\t\t\t\n\t\t<\/div><\/div><\/div><\/div><div class=\"wpb_column vc_column_container col-xs-mobile-fullwidth vc_col-sm-4 wow fadeIn\" data-wow-delay= 300ms><div class=\"vc_column-inner\"><div class=\"wpb_wrapper\"><div class=\"wpb_single_image    hongo-full-width-single-image\">\n\t\t\t<figure class=\"wpb_wrapper vc_figure\">\n\t\t\t\t<div class=\"vc_single_image-wrapper  \"><img loading=\"lazy\" decoding=\"async\" width=\"600\" height=\"800\" src=\"http:\/\/raulmonaco.com.ar\/wp-content\/uploads\/2022\/09\/raulemonaco_empresa_img8.png\" class=\"vc_single_image-img attachment-full\" alt=\"\" title=\"raulemonaco_empresa_img8\" srcset=\"http:\/\/raulmonaco.com.ar\/wp-content\/uploads\/2022\/09\/raulemonaco_empresa_img8.png 600w, http:\/\/raulmonaco.com.ar\/wp-content\/uploads\/2022\/09\/raulemonaco_empresa_img8-225x300.png 225w, http:\/\/raulmonaco.com.ar\/wp-content\/uploads\/2022\/09\/raulemonaco_empresa_img8-84x112.png 84w, http:\/\/raulmonaco.com.ar\/wp-content\/uploads\/2022\/09\/raulemonaco_empresa_img8-200x267.png 200w, http:\/\/raulmonaco.com.ar\/wp-content\/uploads\/2022\/09\/raulemonaco_empresa_img8-450x600.png 450w, http:\/\/raulmonaco.com.ar\/wp-content\/uploads\/2022\/09\/raulemonaco_empresa_img8-593x790.png 593w, http:\/\/raulmonaco.com.ar\/wp-content\/uploads\/2022\/09\/raulemonaco_empresa_img8-360x480.png 360w\" sizes=\"auto, (max-width: 600px) 100vw, 600px\" \/><\/div>\n\t\t\t<\/figure>\n\t\t\t\n\t\t<\/div><\/div><\/div><\/div><\/section><div class=\"vc_row-full-width vc_clearfix\"><\/div><section data-vc-full-width=\"true\" data-vc-full-width-init=\"false\" class=\"vc_row wpb_row vc_row-fluid     cover-background hongo-stretch-content hongo-stretch-row-container vc_row-o-equal-height vc_row-o-content-middle vc_row-flex  hongo_responsive_1572513035109\"><div class=\"wpb_column vc_column_container col-xs-mobile-fullwidth vc_col-sm-12 vc_col-md-6 wow fadeIn text-center\" data-wow-delay= 100ms><div class=\"vc_column-inner cover-background vc_custom_1664283263493  hongo_responsive_1664283263495\"><div class=\"wpb_wrapper\"><div class=\"alt-font heading-style-5 vc_custom_1664283339282 heading-6 hongo-section-heading hongo_font_1664283339281\"><span>Calidad ISO 9001 &amp; Ambiental ISO 14001<\/span><\/div><div class=\"alt-font heading-style-3 vc_custom_1664283304765 heading-7 hongo-section-heading\">BUREAU VERITAS Certification<\/div><div class=\"text-block-content hongo-text-block-4 last-paragraph-no-margin\"><p class=\"margin-15px-bottom\">Nuestro sistema de gesti\u00f3n est\u00e1 certificado seg\u00fan las normas de calidad ISO 9001 y ambiental ISO 14001, ambas por Bureau Veritas Certification.<\/p>\n<\/div><\/div><\/div><\/div><\/section><div class=\"vc_row-full-width vc_clearfix\"><\/div>\n","protected":false},"excerpt":{"rendered":"POR QU\u00c9 ELEGIRNOSPOR QU\u00c9 ELEGIRNOSEstamos en constante innovaci\u00f3n, considerando las necesidades del mercado y preparados a nivel tecnol\u00f3gico para proveer las soluciones m\u00e1s adecuadas en nuestra actividad.L\u00cdNEAS DE PRODUCTOSL\u00cdNEAS DE PRODUCTOSEn RA\u00daL E. M\u00d3NACO contamos con la capacidad para dise\u00f1ar y fabricar a medida el Equipamiento, Mobiliario escolar y de oficina, Muebles de guardado y Sillas que nuestros clientes necesitan.EXPERIENCIA Y CONFIANZAEXPERIENCIA Y CONFIANZALas m\u00e1s reconocidas empresas e instituciones del pa\u00eds confiaron en RA\u00daL E. M\u00d3NACO a lo largo de nuestros m\u00e1s de 30 a\u00f1os de experiencia, trabajando siempre para seguir creciendo y optimizando procesos de producci\u00f3n para mejorar los tiempos de entrega.``Somos expertos en brindar soluciones en fabricaci\u00f3n y equipamiento mobiliario. Quedamos a su disposici\u00f3n para cotizar su proyecto. \u00a1Lo invitamos a contactarnos!``QUI\u00c9NES SOMOS Somos una empresa con m\u00e1s de 30 a\u00f1os de experiencia. En RA\u00daL E. M\u00d3NACO buscamos siempre innovar, y considerando las necesidades del mercado, nos dedicamos a la fabricaci\u00f3n, distribuci\u00f3n y comercializaci\u00f3n de equipamientos escolares y mobiliario de oficina en proyectos de gran escala para empresas y organismos. CALIDAD + ERGONOM\u00cdA + FUNCIONALIDADM\u00e1s de 30 a\u00f1os de experienciaNuestro objetivo es ofrecer una amplia gama de mobiliario y equipamiento para espacios de trabajo y establecimientos escolares para...","protected":false},"author":1,"featured_media":0,"parent":0,"menu_order":0,"comment_status":"closed","ping_status":"closed","template":"","meta":{"footnotes":""},"class_list":["post-9307","page","type-page","status-publish","hentry"],"_links":{"self":[{"href":"http:\/\/raulmonaco.com.ar\/index.php\/wp-json\/wp\/v2\/pages\/9307","targetHints":{"allow":["GET"]}}],"collection":[{"href":"http:\/\/raulmonaco.com.ar\/index.php\/wp-json\/wp\/v2\/pages"}],"about":[{"href":"http:\/\/raulmonaco.com.ar\/index.php\/wp-json\/wp\/v2\/types\/page"}],"author":[{"embeddable":true,"href":"http:\/\/raulmonaco.com.ar\/index.php\/wp-json\/wp\/v2\/users\/1"}],"replies":[{"embeddable":true,"href":"http:\/\/raulmonaco.com.ar\/index.php\/wp-json\/wp\/v2\/comments?post=9307"}],"version-history":[{"count":47,"href":"http:\/\/raulmonaco.com.ar\/index.php\/wp-json\/wp\/v2\/pages\/9307\/revisions"}],"predecessor-version":[{"id":99916,"href":"http:\/\/raulmonaco.com.ar\/index.php\/wp-json\/wp\/v2\/pages\/9307\/revisions\/99916"}],"wp:attachment":[{"href":"http:\/\/raulmonaco.com.ar\/index.php\/wp-json\/wp\/v2\/media?parent=9307"}],"curies":[{"name":"wp","href":"https:\/\/api.w.org\/{rel}","templated":true}]}}