{"id":9323,"date":"2018-06-01T06:56:22","date_gmt":"2018-06-01T06:56:22","guid":{"rendered":"https:\/\/hongo.themezaa.com\/?page_id=9323"},"modified":"2023-01-23T18:29:17","modified_gmt":"2023-01-23T21:29:17","slug":"contacto","status":"publish","type":"page","link":"http:\/\/raulmonaco.com.ar\/index.php\/contacto\/","title":{"rendered":"Contacto"},"content":{"rendered":"<section data-vc-full-width=\"true\" data-vc-full-width-init=\"false\" data-vc-stretch-content=\"true\" class=\"vc_row wpb_row vc_row-fluid  vc_custom_1560321409799   hongo-stretch-content vc_row-no-padding hongo-stretch-content-fluid vc_row-o-equal-height vc_row-o-content-middle vc_row-flex\"><div class=\"wpb_column vc_column_container col-xs-mobile-fullwidth vc_col-sm-12 vc_col-lg-8 vc_col-md-7\"><div class=\"vc_column-inner\"><div class=\"wpb_wrapper\"><div class=\"vc_row wpb_row vc_inner vc_row-fluid\"><div class=\"wpb_column vc_column_container vc_col-has-fill col-xs-mobile-fullwidth vc_col-sm-12\"><div class=\"vc_column-inner cover-background vc_custom_1674509327305  hongo_responsive_1674509327309\" style=\"z-index:1;  min-height: 850px;\"><div class=\"wpb_wrapper\"><\/div><\/div><\/div><\/div><div class=\"vc_row wpb_row vc_inner vc_row-fluid\"><div class=\"wpb_column vc_column_container col-xs-mobile-fullwidth vc_col-sm-12 sm-text-center xs-text-center\"><div class=\"vc_column-inner vc_custom_1564046653542  hongo_responsive_1564046653546\"><div class=\"wpb_wrapper\"><div class=\"alt-font heading-style-2 vc_custom_1664300279602  hongo_responsive_1664300279604 heading-1 hongo-section-heading hongo_font_1664300279601\">contacto<\/div><\/div><\/div><\/div><\/div><\/div><\/div><\/div><div class=\"wpb_column vc_column_container vc_col-has-fill col-xs-mobile-fullwidth vc_col-sm-12 vc_col-lg-4 vc_col-md-5\"><div class=\"vc_column-inner vc_custom_1563455875219  hongo_responsive_1563455875230\"><div class=\"wpb_wrapper\"><div class=\"separator-style-2 vc_custom_1664300359806  hongo_responsive_1664300359806 separator-style2-1\"><\/div><div class=\"alt-font heading-style-3 vc_custom_1673016806025  hongo_responsive_1673016806026 heading-2 hongo-section-heading hongo_font_1673016806024\">Agradecemos su inter\u00e9s en Ra\u00fal E. M\u00f3naco. Estamos a su disposici\u00f3n para cotizar su proyecto. \u00a1Lo invitamos a contactarnos!<\/div><div class=\"hongo-featurebox-wrap hongo-product-featurebox vc_custom_1664300562819  hongo_responsive_1664300562822 icon-text-style-4 equal_height_disable icon_text4-1\"><div class=\"hongo-featurebox-wrapper\"><div class=\"hongo-featurebox-img\"><i class=\"base-color ti-world icon-medium\"><\/i><\/div><div class=\"hongo-featurebox-text hongo_font_1664300562811 alt-font\">Direcci\u00f3n<\/div><div class=\"sub-title hongo_font_1664300562814\">Av. Mitre 5427 (Caseros. Provincia de Buenos Aires)<\/div><\/div><\/div><div class=\"hongo-featurebox-wrap hongo-product-featurebox vc_custom_1664300587426  hongo_responsive_1664300587428 icon-text-style-4 equal_height_disable icon_text4-2\"><div class=\"hongo-featurebox-wrapper\"><div class=\"hongo-featurebox-img\"><i class=\"base-color ti-email icon-medium\"><\/i><\/div><div class=\"hongo-featurebox-text hongo_font_1664300587418 alt-font\">E-mail<\/div><div class=\"sub-title hongo_font_1664300587421\">ventas@raulmonaco.com.ar<\/div><\/div><\/div><\/div><\/div><\/div><\/section><div class=\"vc_row-full-width vc_clearfix\"><\/div><section data-vc-full-width=\"true\" data-vc-full-width-init=\"false\" data-vc-stretch-content=\"true\" class=\"vc_row wpb_row vc_row-fluid  vc_custom_1563976333004   hongo-stretch-content hongo-stretch-content-fluid vc_row-o-equal-height vc_row-o-content-bottom vc_row-flex  hongo_responsive_1563976333008\"><div class=\"wpb_column vc_column_container col-xs-mobile-fullwidth vc_col-sm-6 vc_col-md-1\/5 vc_col-sm-offset-0 wow fadeInRight\" data-wow-duration= 1200ms><div class=\"vc_column-inner  hongo_responsive_1564393973674\"><div class=\"wpb_wrapper\"><div class=\"alt-font heading-style-3 heading-3 hongo-section-heading hongo_font_1673016262463\">Llevamos m\u00e1s de 30 a\u00f1os brindando soluciones en <strong>fabricaci\u00f3n y equipamiento mobiliario para proyectos de gran escala.<\/strong><\/div><\/div><\/div><\/div><div class=\"wpb_column vc_column_container col-xs-mobile-fullwidth vc_col-sm-6 vc_col-md-1\/5 wow fadeInRight xs-text-center\" data-wow-delay= 200ms data-wow-duration= 1200ms><div class=\"vc_column-inner  hongo_responsive_1564393991447\"><div class=\"wpb_wrapper\"><div class=\"separator-style-2 separator-style2-2\"><\/div><\/div><\/div><\/div><div class=\"wpb_column vc_column_container col-xs-mobile-fullwidth vc_col-sm-4 vc_col-md-1\/5 wow fadeInRight\" data-wow-delay= 400ms data-wow-duration= 1200ms><div class=\"vc_column-inner  hongo_responsive_1564394006684\"><div class=\"wpb_wrapper\"><div class=\"wpb_single_image    hongo-full-width-single-image\">\n\t\t\t<figure class=\"wpb_wrapper vc_figure\">\n\t\t\t\t<div class=\"vc_single_image-wrapper  \"><img loading=\"lazy\" decoding=\"async\" width=\"800\" height=\"1020\" src=\"http:\/\/raulmonaco.com.ar\/wp-content\/uploads\/2022\/09\/raulemonaco_sillafijaasientoplastico_3.png\" class=\"vc_single_image-img attachment-full\" alt=\"\" title=\"raulemonaco_sillafijaasientoplastico_3\" srcset=\"http:\/\/raulmonaco.com.ar\/wp-content\/uploads\/2022\/09\/raulemonaco_sillafijaasientoplastico_3.png 800w, http:\/\/raulmonaco.com.ar\/wp-content\/uploads\/2022\/09\/raulemonaco_sillafijaasientoplastico_3-235x300.png 235w, http:\/\/raulmonaco.com.ar\/wp-content\/uploads\/2022\/09\/raulemonaco_sillafijaasientoplastico_3-768x979.png 768w, http:\/\/raulmonaco.com.ar\/wp-content\/uploads\/2022\/09\/raulemonaco_sillafijaasientoplastico_3-84x107.png 84w, http:\/\/raulmonaco.com.ar\/wp-content\/uploads\/2022\/09\/raulemonaco_sillafijaasientoplastico_3-200x255.png 200w, http:\/\/raulmonaco.com.ar\/wp-content\/uploads\/2022\/09\/raulemonaco_sillafijaasientoplastico_3-450x574.png 450w, http:\/\/raulmonaco.com.ar\/wp-content\/uploads\/2022\/09\/raulemonaco_sillafijaasientoplastico_3-600x765.png 600w, http:\/\/raulmonaco.com.ar\/wp-content\/uploads\/2022\/09\/raulemonaco_sillafijaasientoplastico_3-620x790.png 620w, http:\/\/raulmonaco.com.ar\/wp-content\/uploads\/2022\/09\/raulemonaco_sillafijaasientoplastico_3-360x459.png 360w\" sizes=\"auto, (max-width: 800px) 100vw, 800px\" \/><\/div>\n\t\t\t<\/figure>\n\t\t\t\n\t\t<\/div><\/div><\/div><\/div><div class=\"wpb_column vc_column_container col-xs-mobile-fullwidth vc_col-sm-4 vc_col-md-1\/5 wow fadeInRight\" data-wow-delay= 600ms data-wow-duration= 1200ms><div class=\"vc_column-inner  hongo_responsive_1564394030532\"><div class=\"wpb_wrapper\"><div class=\"wpb_single_image    hongo-full-width-single-image\">\n\t\t\t<figure class=\"wpb_wrapper vc_figure\">\n\t\t\t\t<div class=\"vc_single_image-wrapper  \"><img loading=\"lazy\" decoding=\"async\" width=\"800\" height=\"1020\" src=\"http:\/\/raulmonaco.com.ar\/wp-content\/uploads\/2022\/09\/raulemonaco_pb02_1.png\" class=\"vc_single_image-img attachment-full\" alt=\"\" title=\"raulemonaco_pb02_1\" srcset=\"http:\/\/raulmonaco.com.ar\/wp-content\/uploads\/2022\/09\/raulemonaco_pb02_1.png 800w, http:\/\/raulmonaco.com.ar\/wp-content\/uploads\/2022\/09\/raulemonaco_pb02_1-235x300.png 235w, http:\/\/raulmonaco.com.ar\/wp-content\/uploads\/2022\/09\/raulemonaco_pb02_1-768x979.png 768w, http:\/\/raulmonaco.com.ar\/wp-content\/uploads\/2022\/09\/raulemonaco_pb02_1-84x107.png 84w, http:\/\/raulmonaco.com.ar\/wp-content\/uploads\/2022\/09\/raulemonaco_pb02_1-200x255.png 200w, http:\/\/raulmonaco.com.ar\/wp-content\/uploads\/2022\/09\/raulemonaco_pb02_1-450x574.png 450w, http:\/\/raulmonaco.com.ar\/wp-content\/uploads\/2022\/09\/raulemonaco_pb02_1-600x765.png 600w, http:\/\/raulmonaco.com.ar\/wp-content\/uploads\/2022\/09\/raulemonaco_pb02_1-620x790.png 620w, http:\/\/raulmonaco.com.ar\/wp-content\/uploads\/2022\/09\/raulemonaco_pb02_1-360x459.png 360w\" sizes=\"auto, (max-width: 800px) 100vw, 800px\" \/><\/div>\n\t\t\t<\/figure>\n\t\t\t\n\t\t<\/div><\/div><\/div><\/div><div class=\"wpb_column vc_column_container col-xs-mobile-fullwidth vc_col-sm-4 vc_col-md-1\/5 wow fadeInRight\" data-wow-delay= 800ms data-wow-duration= 1200ms><div class=\"vc_column-inner  hongo_responsive_1564394056764\"><div class=\"wpb_wrapper\"><div class=\"wpb_single_image    hongo-full-width-single-image\">\n\t\t\t<figure class=\"wpb_wrapper vc_figure\">\n\t\t\t\t<div class=\"vc_single_image-wrapper  \"><img loading=\"lazy\" decoding=\"async\" width=\"800\" height=\"1020\" src=\"http:\/\/raulmonaco.com.ar\/wp-content\/uploads\/2022\/09\/raulemonaco_pu01_5.png\" class=\"vc_single_image-img attachment-full\" alt=\"\" title=\"raulemonaco_pu01_5\" srcset=\"http:\/\/raulmonaco.com.ar\/wp-content\/uploads\/2022\/09\/raulemonaco_pu01_5.png 800w, http:\/\/raulmonaco.com.ar\/wp-content\/uploads\/2022\/09\/raulemonaco_pu01_5-235x300.png 235w, http:\/\/raulmonaco.com.ar\/wp-content\/uploads\/2022\/09\/raulemonaco_pu01_5-768x979.png 768w, http:\/\/raulmonaco.com.ar\/wp-content\/uploads\/2022\/09\/raulemonaco_pu01_5-84x107.png 84w, http:\/\/raulmonaco.com.ar\/wp-content\/uploads\/2022\/09\/raulemonaco_pu01_5-200x255.png 200w, http:\/\/raulmonaco.com.ar\/wp-content\/uploads\/2022\/09\/raulemonaco_pu01_5-450x574.png 450w, http:\/\/raulmonaco.com.ar\/wp-content\/uploads\/2022\/09\/raulemonaco_pu01_5-600x765.png 600w, http:\/\/raulmonaco.com.ar\/wp-content\/uploads\/2022\/09\/raulemonaco_pu01_5-620x790.png 620w, http:\/\/raulmonaco.com.ar\/wp-content\/uploads\/2022\/09\/raulemonaco_pu01_5-360x459.png 360w\" sizes=\"auto, (max-width: 800px) 100vw, 800px\" \/><\/div>\n\t\t\t<\/figure>\n\t\t\t\n\t\t<\/div><\/div><\/div><\/div><\/section><div class=\"vc_row-full-width vc_clearfix\"><\/div><section data-vc-full-width=\"true\" data-vc-full-width-init=\"false\" class=\"vc_row wpb_row vc_row-fluid  vc_custom_1664305360652   fix-background hongo-row-min-height wow fadeIn vc_row-has-fill hongo-stretch-content hongo-stretch-row-container  hongo_responsive_1664305360655\" style=\"min-height: 650px;\"><div class=\"hongo-overlay\" style=\"opacity:0.7; background: #353535;z-index:0; \"><\/div><div class=\"wpb_column vc_column_container col-xs-mobile-fullwidth vc_col-sm-12\"><div class=\"vc_column-inner\"><div class=\"wpb_wrapper\"><\/div><\/div><\/div><\/section><div class=\"vc_row-full-width vc_clearfix\"><\/div><section data-vc-full-width=\"true\" data-vc-full-width-init=\"false\" data-vc-stretch-content=\"true\" class=\"vc_row wpb_row vc_row-fluid  vc_custom_1563778035559   hongo-stretch-content hongo-stretch-content-fluid vc_row-o-equal-height vc_row-o-content-middle vc_row-flex  hongo_responsive_1563778035566\"><div class=\"wpb_column vc_column_container vc_col-has-fill col-xs-mobile-fullwidth vc_col-sm-12 vc_col-lg-8 vc_col-md-12 wow fadeInLeft\" data-wow-duration= 1200ms><div class=\"vc_column-inner vc_custom_1564394273294  hongo_responsive_1564394273297\"><div class=\"wpb_wrapper\"><div class=\"vc_row wpb_row vc_inner vc_row-fluid\"><div class=\"wpb_column vc_column_container col-xs-mobile-fullwidth vc_col-sm-5 wow fadeInLeft\" data-wow-duration= 1200ms><div class=\"vc_column-inner\"><div class=\"wpb_wrapper\"><div class=\"separator-style-2 vc_custom_1664301251890 separator-style2-3\"><\/div><div class=\"alt-font heading-style-3 vc_custom_1673019407358  hongo_responsive_1673019407360 heading-4 hongo-section-heading hongo_font_1673019407358\">\u00bfNecesit\u00e1s mobiliario para un proyecto de gran escala?<\/div><div class=\"alt-font heading-style-5 vc_custom_1673016442356  hongo_responsive_1673016442357 heading-5 hongo-section-heading hongo_font_1673016442355\"><span>Dejanos tu consulta y un profesional te contactar\u00e1.<\/span><\/div><div class=\"alt-font display-inline-block heading-style-3 vc_custom_1664301619764  hongo_responsive_1664301619765 heading-6 hongo-section-heading hongo_font_1664301619763\" data-wow-delay= 500ms data-wow-duration= 1500ms>asesoramiento<\/div><\/div><\/div><\/div><div class=\"wpb_column vc_column_container vc_col-has-fill col-xs-mobile-fullwidth vc_col-sm-7 wow fadeInLeft\" data-wow-duration= 1200ms><div class=\"vc_column-inner vc_custom_1564394242151  hongo_responsive_1564394242158\"><div class=\"wpb_wrapper\"><div class=\"alt-font heading-style-1 vc_custom_1673016423264 heading-7 hongo-section-heading hongo_font_1673016423264\">\u00a1Contactanos a trav\u00e9s del siguiente formulario!<\/div><div role=\"form\" class=\"wpcf7\" id=\"wpcf7-f9658-o1\" lang=\"en-US\" dir=\"ltr\">\n<div class=\"screen-reader-response\"><p role=\"status\" aria-live=\"polite\" aria-atomic=\"true\"><\/p> <ul><\/ul><\/div>\n<form action=\"\/index.php\/wp-json\/wp\/v2\/pages\/9323#wpcf7-f9658-o1\" method=\"post\" class=\"wpcf7-form init\" novalidate=\"novalidate\" data-status=\"init\">\n<div style=\"display: none;\">\n<input type=\"hidden\" name=\"_wpcf7\" value=\"9658\" \/>\n<input type=\"hidden\" name=\"_wpcf7_version\" value=\"5.6.3\" \/>\n<input type=\"hidden\" name=\"_wpcf7_locale\" value=\"en_US\" \/>\n<input type=\"hidden\" name=\"_wpcf7_unit_tag\" value=\"wpcf7-f9658-o1\" \/>\n<input type=\"hidden\" name=\"_wpcf7_container_post\" value=\"0\" \/>\n<input type=\"hidden\" name=\"_wpcf7_posted_data_hash\" value=\"\" \/>\n<\/div>\n<div class=\"hongo-contact-form-style-1\">\n    <span class=\"wpcf7-form-control-wrap\" data-name=\"contact-name\"><input type=\"text\" name=\"contact-name\" value=\"\" size=\"40\" class=\"wpcf7-form-control wpcf7-text wpcf7-validates-as-required\" aria-required=\"true\" aria-invalid=\"false\" placeholder=\"Nombre*\" \/><\/span><br \/>\n    <span class=\"wpcf7-form-control-wrap\" data-name=\"contact-email\"><input type=\"email\" name=\"contact-email\" value=\"\" size=\"40\" class=\"wpcf7-form-control wpcf7-text wpcf7-email wpcf7-validates-as-required wpcf7-validates-as-email\" aria-required=\"true\" aria-invalid=\"false\" placeholder=\"E-mail*\" \/><\/span><br \/>\n    <span class=\"wpcf7-form-control-wrap\" data-name=\"contact-subject\"><input type=\"text\" name=\"contact-subject\" value=\"\" size=\"40\" class=\"wpcf7-form-control wpcf7-text\" aria-invalid=\"false\" placeholder=\"Asunto\" \/><\/span><br \/>\n    <span class=\"wpcf7-form-control-wrap\" data-name=\"contact-message\"><textarea name=\"contact-message\" cols=\"40\" rows=\"3\" class=\"wpcf7-form-control wpcf7-textarea\" aria-invalid=\"false\" placeholder=\"Mensaje \/ Consulta\"><\/textarea><\/span><br \/>\n    <input type=\"submit\" value=\"ENVIAR\" class=\"wpcf7-form-control has-spinner wpcf7-submit btn btn-small alt-font\" \/>\n<\/div>\n<div class=\"wpcf7-response-output\" aria-hidden=\"true\"><\/div><\/form><\/div><\/div><\/div><\/div><\/div><\/div><\/div><\/div><div class=\"wpb_column vc_column_container vc_col-has-fill col-xs-mobile-fullwidth vc_col-sm-12 vc_col-lg-4 vc_col-md-12 wow fadeInRight\" data-wow-delay= 300ms data-wow-duration= 1200ms><div class=\"vc_column-inner vc_custom_1664301287959  hongo_responsive_1664301287960\"><div class=\"wpb_wrapper\"><div class=\"hongo-testimonial-1 testimonial-style-3\"><div class=\"testimonial-icon\"><i class=\"fas fa-quote-left base-color icon-small\" style=\"color:#232323;\"><\/i><\/div><div class=\"testimonial-content-title alt-font hongo_font_1673016519130\">Dise\u00f1o est\u00e9tico y funcional<\/div><div class=\"testimonial-content hongo_font_1673016519131\"><div>Estamos siempre al d\u00eda con las \u00faltimas tendencias en muebles y equipamiento, de los nuevos materiales y de las mejoras en la ergonom\u00eda. Siguiendo esta forma de trabajar, hace m\u00e1s de 30 a\u00f1os podemos ofrecer la mejor calidad y el mejor servicio.<\/div>\n<\/div><div class=\"testimonial-meta\"><div class=\"testimonial-name hongo_font_1673016519128\">Equipo de RA\u00daL E. M\u00d3NACO<\/div><\/div><\/div><\/div><\/div><\/div><\/section><div class=\"vc_row-full-width vc_clearfix\"><\/div><section data-vc-full-width=\"true\" data-vc-full-width-init=\"false\" data-vc-stretch-content=\"true\" class=\"vc_row wpb_row vc_row-fluid  vc_custom_1563774681971   hongo-stretch-content hongo-stretch-content-fluid vc_row-o-equal-height vc_row-o-content-bottom vc_row-flex  hongo_responsive_1563774681979\"><div class=\"wpb_column vc_column_container col-xs-mobile-fullwidth vc_col-sm-2 vc_col-lg-4 vc_col-md-2 wow fadeInRight xs-display-none\" data-wow-delay= 100ms data-wow-duration= 1200ms><div class=\"vc_column-inner vc_custom_1564394158251\"><div class=\"wpb_wrapper\"><div class=\"separator-style-2 separator-style2-4\"><\/div><\/div><\/div><\/div><div class=\"wpb_column vc_column_container col-xs-mobile-fullwidth vc_col-sm-7 vc_col-lg-5 vc_col-md-7 wow fadeInRight xs-text-center\" data-wow-delay= 300ms data-wow-duration= 1200ms><div class=\"vc_column-inner  hongo_responsive_1564394171778\"><div class=\"wpb_wrapper\"><div class=\"alt-font heading-style-3 heading-8 hongo-section-heading hongo_font_1673016588566\">Como muestra de nuestro compromiso en cada proyecto, <strong><u>brindamos la m\u00e1xima calidad en cada detalle.<\/u><\/strong><\/div><\/div><\/div><\/div><div class=\"wpb_column vc_column_container col-xs-mobile-fullwidth vc_col-sm-3 wow fadeInRight xs-text-center\" data-wow-delay= 500ms data-wow-duration= 1200ms><div class=\"vc_column-inner  hongo_responsive_1564394188010\"><div class=\"wpb_wrapper\"><div class=\"separator-style-2 separator-style2-5\"><\/div><\/div><\/div><\/div><\/section><div class=\"vc_row-full-width vc_clearfix\"><\/div>\n","protected":false},"excerpt":{"rendered":"contactoAgradecemos su inter\u00e9s en Ra\u00fal E. M\u00f3naco. Estamos a su disposici\u00f3n para cotizar su proyecto. \u00a1Lo invitamos a contactarnos!Direcci\u00f3nAv. Mitre 5427 (Caseros. Provincia de Buenos Aires)E-mailventas@raulmonaco.com.arLlevamos m\u00e1s de 30 a\u00f1os brindando soluciones en fabricaci\u00f3n y equipamiento mobiliario para proyectos de gran escala. \u00bfNecesit\u00e1s mobiliario para un proyecto de gran escala?Dejanos tu consulta y un profesional te contactar\u00e1.asesoramiento\u00a1Contactanos a trav\u00e9s del siguiente formulario! Dise\u00f1o est\u00e9tico y funcionalEstamos siempre al d\u00eda con las \u00faltimas tendencias en muebles y equipamiento, de los nuevos materiales y de las mejoras en la ergonom\u00eda. Siguiendo esta forma de trabajar, hace m\u00e1s de 30 a\u00f1os podemos ofrecer la mejor calidad y el mejor servicio. Equipo de RA\u00daL E. M\u00d3NACOComo muestra de nuestro compromiso en cada proyecto, brindamos la m\u00e1xima calidad en cada detalle.","protected":false},"author":1,"featured_media":0,"parent":0,"menu_order":0,"comment_status":"closed","ping_status":"closed","template":"","meta":{"footnotes":""},"class_list":["post-9323","page","type-page","status-publish","hentry"],"_links":{"self":[{"href":"http:\/\/raulmonaco.com.ar\/index.php\/wp-json\/wp\/v2\/pages\/9323","targetHints":{"allow":["GET"]}}],"collection":[{"href":"http:\/\/raulmonaco.com.ar\/index.php\/wp-json\/wp\/v2\/pages"}],"about":[{"href":"http:\/\/raulmonaco.com.ar\/index.php\/wp-json\/wp\/v2\/types\/page"}],"author":[{"embeddable":true,"href":"http:\/\/raulmonaco.com.ar\/index.php\/wp-json\/wp\/v2\/users\/1"}],"replies":[{"embeddable":true,"href":"http:\/\/raulmonaco.com.ar\/index.php\/wp-json\/wp\/v2\/comments?post=9323"}],"version-history":[{"count":45,"href":"http:\/\/raulmonaco.com.ar\/index.php\/wp-json\/wp\/v2\/pages\/9323\/revisions"}],"predecessor-version":[{"id":99782,"href":"http:\/\/raulmonaco.com.ar\/index.php\/wp-json\/wp\/v2\/pages\/9323\/revisions\/99782"}],"wp:attachment":[{"href":"http:\/\/raulmonaco.com.ar\/index.php\/wp-json\/wp\/v2\/media?parent=9323"}],"curies":[{"name":"wp","href":"https:\/\/api.w.org\/{rel}","templated":true}]}}