{"id":9631,"date":"2018-01-05T05:22:23","date_gmt":"2018-01-05T05:22:23","guid":{"rendered":"https:\/\/hongo.themezaa.com\/?page_id=9631"},"modified":"2018-01-05T05:22:23","modified_gmt":"2018-01-05T05:22:23","slug":"top-rated-products","status":"publish","type":"page","link":"http:\/\/raulmonaco.com.ar\/index.php\/top-rated-products\/","title":{"rendered":"Top rated products"},"content":{"rendered":"<section class=\"vc_row wpb_row vc_row-fluid\"><div class=\"wpb_column vc_column_container col-xs-mobile-fullwidth vc_col-sm-12\"><div class=\"vc_column-inner\"><div class=\"wpb_wrapper\"><div class=\"alt-font heading-style-5 vc_custom_1555159692182  hongo_responsive_1555159692185 heading-1 hongo-section-heading hongo_font_1555159692181\"><span>TOP RATED PRODUCTS<\/span><\/div><div class=\"woocommerce hongo-woocommerce-product-lists\"><div id=\"hongo-product-list-1\" class=\"top-rated-product-lists hongo-product-list-1\"><div class=\"woocommerce columns-4 \"><ul class=\"products columns-4 hongo-shop-classic hongo-shop-common-isotope hongo-product-list-common-wrap hongo-shop-col-4 hongo-shop-md-col-3 hongo-shop-sm-col-3 hongo-shop-xs-col-1 gutter-medium hongo-buttons-1 hongo-text-center\" data-col=\"4\">\n\t\t\t<li class=\"grid-sizer\"><\/li>\n\t\t<li class=\"product type-product post-99879 status-publish first instock product_cat-muebles-de-guardado has-post-thumbnail shipping-taxable product-type-variable\">\n\t\t\t<div class=\"product-thumb-wrap\">\n\t\t<a href=\"http:\/\/raulmonaco.com.ar\/index.php\/product\/armario-metalico\/\" class=\"woocommerce-LoopProduct-link woocommerce-loop-product__link\"><\/a>\t\t\t\t<div class=\"product-buttons-wrap\" data-tooltip-position=\"top\">\n\t\t\t\t<a rel=\"nofollow\" href=\"javascript:void(0);\" data-product_id=\"99879\" class=\"alt-font button hongo-quick-view\"><i class=\"icon-eye icons\" title=\"Vista r\u00e1pida\"><\/i><span class=\"quick-view-text button-text\">Vista r\u00e1pida<\/span><\/a>\t\t\t\t<\/div><!-- .product-buttons-wrap -->\n\t\t\t\t\t\t\n\t<\/div><!-- .product-thumb-wrap -->\n\t<a href=\"http:\/\/raulmonaco.com.ar\/index.php\/product\/armario-metalico\/\" class=\"hongo-LoopProduct-link\">\n\t\t\t<\/a>\n\t\n<div class=\"hongo-rich-snippet display-none\"><span class=\"entry-title\">Armario Met\u00e1lico<\/span><span class=\"author vcard\"><a class=\"url fn n\" href=http:\/\/raulmonaco.com.ar\/index.php\/author\/rominamejordigital-com-ar\/>RA\u00daL E. M\u00d3NACO<\/a><\/span><span class=\"published\">24\/01\/2023<\/span><time class=\"updated\" datetime=\"2023-01-24T17:26:32-03:00\">24\/01\/2023<\/time><\/div>\t<\/li>\n\t<li class=\"product type-product post-99811 status-publish instock product_cat-mobiliario-escolar has-post-thumbnail shipping-taxable product-type-variable\">\n\t\t\t<div class=\"product-thumb-wrap\">\n\t\t<a href=\"http:\/\/raulmonaco.com.ar\/index.php\/product\/conjunto-comedor\/\" class=\"woocommerce-LoopProduct-link woocommerce-loop-product__link\"><\/a>\t\t\t\t<div class=\"product-buttons-wrap\" data-tooltip-position=\"top\">\n\t\t\t\t<a rel=\"nofollow\" href=\"javascript:void(0);\" data-product_id=\"99811\" class=\"alt-font button hongo-quick-view\"><i class=\"icon-eye icons\" title=\"Vista r\u00e1pida\"><\/i><span class=\"quick-view-text button-text\">Vista r\u00e1pida<\/span><\/a>\t\t\t\t<\/div><!-- .product-buttons-wrap -->\n\t\t\t\t\t\t\n\t<\/div><!-- .product-thumb-wrap -->\n\t<a href=\"http:\/\/raulmonaco.com.ar\/index.php\/product\/conjunto-comedor\/\" class=\"hongo-LoopProduct-link\">\n\t\t\t<\/a>\n\t\n<div class=\"hongo-rich-snippet display-none\"><span class=\"entry-title\">Conjunto Comedor<\/span><span class=\"author vcard\"><a class=\"url fn n\" href=http:\/\/raulmonaco.com.ar\/index.php\/author\/rominamejordigital-com-ar\/>RA\u00daL E. M\u00d3NACO<\/a><\/span><span class=\"published\">24\/01\/2023<\/span><time class=\"updated\" datetime=\"2023-01-24T13:42:34-03:00\">24\/01\/2023<\/time><\/div>\t<\/li>\n\t<li class=\"product type-product post-99853 status-publish instock product_cat-sillas has-post-thumbnail shipping-taxable product-type-variable\">\n\t\t\t<div class=\"product-thumb-wrap\">\n\t\t<a href=\"http:\/\/raulmonaco.com.ar\/index.php\/product\/silla-fija-plastica\/\" class=\"woocommerce-LoopProduct-link woocommerce-loop-product__link\"><\/a>\t\t\t\t<div class=\"product-buttons-wrap\" data-tooltip-position=\"top\">\n\t\t\t\t<a rel=\"nofollow\" href=\"javascript:void(0);\" data-product_id=\"99853\" class=\"alt-font button hongo-quick-view\"><i class=\"icon-eye icons\" title=\"Vista r\u00e1pida\"><\/i><span class=\"quick-view-text button-text\">Vista r\u00e1pida<\/span><\/a>\t\t\t\t<\/div><!-- .product-buttons-wrap -->\n\t\t\t\t\t\t\n\t<\/div><!-- .product-thumb-wrap -->\n\t<a href=\"http:\/\/raulmonaco.com.ar\/index.php\/product\/silla-fija-plastica\/\" class=\"hongo-LoopProduct-link\">\n\t\t\t<\/a>\n\t\n<div class=\"hongo-rich-snippet display-none\"><span class=\"entry-title\">Silla fija pl\u00e1stica<\/span><span class=\"author vcard\"><a class=\"url fn n\" href=http:\/\/raulmonaco.com.ar\/index.php\/author\/rominamejordigital-com-ar\/>RA\u00daL E. M\u00d3NACO<\/a><\/span><span class=\"published\">24\/01\/2023<\/span><time class=\"updated\" datetime=\"2023-01-24T16:57:07-03:00\">24\/01\/2023<\/time><\/div>\t<\/li>\n\t<li class=\"product type-product post-99881 status-publish last instock product_cat-muebles-de-guardado has-post-thumbnail shipping-taxable product-type-variable\">\n\t\t\t<div class=\"product-thumb-wrap\">\n\t\t<a href=\"http:\/\/raulmonaco.com.ar\/index.php\/product\/biblioteca-abierta\/\" class=\"woocommerce-LoopProduct-link woocommerce-loop-product__link\"><\/a>\t\t\t\t<div class=\"product-buttons-wrap\" data-tooltip-position=\"top\">\n\t\t\t\t<a rel=\"nofollow\" href=\"javascript:void(0);\" data-product_id=\"99881\" class=\"alt-font button hongo-quick-view\"><i class=\"icon-eye icons\" title=\"Vista r\u00e1pida\"><\/i><span class=\"quick-view-text button-text\">Vista r\u00e1pida<\/span><\/a>\t\t\t\t<\/div><!-- .product-buttons-wrap -->\n\t\t\t\t\t\t\n\t<\/div><!-- .product-thumb-wrap -->\n\t<a href=\"http:\/\/raulmonaco.com.ar\/index.php\/product\/biblioteca-abierta\/\" class=\"hongo-LoopProduct-link\">\n\t\t\t<\/a>\n\t\n<div class=\"hongo-rich-snippet display-none\"><span class=\"entry-title\">Biblioteca abierta<\/span><span class=\"author vcard\"><a class=\"url fn n\" href=http:\/\/raulmonaco.com.ar\/index.php\/author\/rominamejordigital-com-ar\/>RA\u00daL E. M\u00d3NACO<\/a><\/span><span class=\"published\">24\/01\/2023<\/span><time class=\"updated\" datetime=\"2023-01-24T17:29:03-03:00\">24\/01\/2023<\/time><\/div>\t<\/li>\n\t<\/ul>\n<\/div><\/div><\/div><\/div><\/div><\/div><\/section>\n","protected":false},"excerpt":{"rendered":"TOP RATED PRODUCTS Vista r\u00e1pida Armario Met\u00e1licoRA\u00daL E. M\u00d3NACO24\/01\/202324\/01\/2023 Vista r\u00e1pida Conjunto ComedorRA\u00daL E. M\u00d3NACO24\/01\/202324\/01\/2023 Vista r\u00e1pida Silla fija pl\u00e1sticaRA\u00daL E. M\u00d3NACO24\/01\/202324\/01\/2023 Vista r\u00e1pida Biblioteca abiertaRA\u00daL E. M\u00d3NACO24\/01\/202324\/01\/2023","protected":false},"author":1,"featured_media":0,"parent":0,"menu_order":0,"comment_status":"closed","ping_status":"closed","template":"","meta":{"footnotes":""},"class_list":["post-9631","page","type-page","status-publish","hentry"],"_links":{"self":[{"href":"http:\/\/raulmonaco.com.ar\/index.php\/wp-json\/wp\/v2\/pages\/9631","targetHints":{"allow":["GET"]}}],"collection":[{"href":"http:\/\/raulmonaco.com.ar\/index.php\/wp-json\/wp\/v2\/pages"}],"about":[{"href":"http:\/\/raulmonaco.com.ar\/index.php\/wp-json\/wp\/v2\/types\/page"}],"author":[{"embeddable":true,"href":"http:\/\/raulmonaco.com.ar\/index.php\/wp-json\/wp\/v2\/users\/1"}],"replies":[{"embeddable":true,"href":"http:\/\/raulmonaco.com.ar\/index.php\/wp-json\/wp\/v2\/comments?post=9631"}],"version-history":[{"count":0,"href":"http:\/\/raulmonaco.com.ar\/index.php\/wp-json\/wp\/v2\/pages\/9631\/revisions"}],"wp:attachment":[{"href":"http:\/\/raulmonaco.com.ar\/index.php\/wp-json\/wp\/v2\/media?parent=9631"}],"curies":[{"name":"wp","href":"https:\/\/api.w.org\/{rel}","templated":true}]}}